{"id":15,"date":"2023-03-31T17:56:11","date_gmt":"2023-03-31T15:56:11","guid":{"rendered":"https:\/\/meltemevmez.com\/?page_id=15"},"modified":"2023-11-03T10:01:52","modified_gmt":"2023-11-03T09:01:52","slug":"homepage","status":"publish","type":"page","link":"https:\/\/meltemevmez.com\/de\/","title":{"rendered":"Homepage"},"content":{"rendered":"<div data-elementor-type=\"wp-page\" data-elementor-id=\"15\" class=\"elementor elementor-15\" data-elementor-post-type=\"page\">\n\t\t\t\t<div class=\"elementor-element elementor-element-2763eb1 e-flex e-con-boxed e-con e-parent\" data-id=\"2763eb1\" data-element_type=\"container\" data-e-type=\"container\">\n\t\t\t\t\t<div class=\"e-con-inner\">\n\t\t\t\t<div class=\"elementor-element elementor-element-f51b5fb elementor-hidden-desktop elementor-hidden-tablet elementor-widget elementor-widget-image\" data-id=\"f51b5fb\" data-element_type=\"widget\" data-e-type=\"widget\" data-widget_type=\"image.default\">\n\t\t\t\t\t\t\t\t\t\t\t\t\t\t\t<img loading=\"lazy\" decoding=\"async\" width=\"768\" height=\"512\" src=\"https:\/\/meltemevmez.com\/wp-content\/uploads\/2023\/03\/IMG_6216-768x512.avif\" class=\"attachment-medium_large size-medium_large wp-image-82\" alt=\"\" srcset=\"https:\/\/meltemevmez.com\/wp-content\/uploads\/2023\/03\/IMG_6216-768x512.avif 768w, https:\/\/meltemevmez.com\/wp-content\/uploads\/2023\/03\/IMG_6216-300x200.avif 300w, https:\/\/meltemevmez.com\/wp-content\/uploads\/2023\/03\/IMG_6216-1024x683.avif 1024w, https:\/\/meltemevmez.com\/wp-content\/uploads\/2023\/03\/IMG_6216-1536x1024.avif 1536w, https:\/\/meltemevmez.com\/wp-content\/uploads\/2023\/03\/IMG_6216-scaled-e1697040265243.avif 2048w, https:\/\/meltemevmez.com\/wp-content\/uploads\/2023\/03\/IMG_6216-18x12.avif 18w\" sizes=\"auto, (max-width: 768px) 100vw, 768px\" \/>\t\t\t\t\t\t\t\t\t\t\t\t\t\t\t<\/div>\n\t\t\t\t\t<\/div>\n\t\t\t\t<\/div>\n\t\t<div class=\"elementor-element elementor-element-f4ae09c e-flex e-con-boxed e-con e-parent\" data-id=\"f4ae09c\" data-element_type=\"container\" data-e-type=\"container\" data-settings=\"{&quot;background_background&quot;:&quot;classic&quot;}\">\n\t\t\t\t\t<div class=\"e-con-inner\">\n\t\t\t\t<div class=\"elementor-element elementor-element-350b5db elementor-widget elementor-widget-heading\" data-id=\"350b5db\" data-element_type=\"widget\" data-e-type=\"widget\" data-widget_type=\"heading.default\">\n\t\t\t\t\t<h1 class=\"elementor-heading-title elementor-size-default\">Transforming Health Holistically: Medical Medium, Mindfulness &amp; Movement.<\/h1>\t\t\t\t<\/div>\n\t\t\t\t<div class=\"elementor-element elementor-element-52c6d07 elementor-widget elementor-widget-text-editor\" data-id=\"52c6d07\" data-element_type=\"widget\" data-e-type=\"widget\" data-widget_type=\"text-editor.default\">\n\t\t\t\t\t\t\t\t\t<p>Entdecken Sie pers\u00f6nliche Gesundheitsl\u00f6sungen, die auf Ihre einzigartige Reise zugeschnitten sind.<\/p>\t\t\t\t\t\t\t\t<\/div>\n\t\t\t\t<div class=\"elementor-element elementor-element-6d67448 elementor-mobile-align-justify elementor-widget elementor-widget-button\" data-id=\"6d67448\" data-element_type=\"widget\" data-e-type=\"widget\" data-widget_type=\"button.default\">\n\t\t\t\t\t\t\t\t\t\t<a class=\"elementor-button elementor-button-link elementor-size-sm\" href=\"https:\/\/meltemevmez.com\/de\/work-with-me\/\">\n\t\t\t\t\t\t<span class=\"elementor-button-content-wrapper\">\n\t\t\t\t\t\t\t\t\t<span class=\"elementor-button-text\">Ich bin bereit<\/span>\n\t\t\t\t\t<\/span>\n\t\t\t\t\t<\/a>\n\t\t\t\t\t\t\t\t<\/div>\n\t\t\t\t\t<\/div>\n\t\t\t\t<\/div>\n\t\t<div class=\"elementor-element elementor-element-ebd2e6d e-flex e-con-boxed e-con e-parent\" data-id=\"ebd2e6d\" data-element_type=\"container\" data-e-type=\"container\">\n\t\t\t\t\t<div class=\"e-con-inner\">\n\t\t\t\t<div class=\"elementor-element elementor-element-9275e31 elementor-widget elementor-widget-text-editor\" data-id=\"9275e31\" data-element_type=\"widget\" data-e-type=\"widget\" data-widget_type=\"text-editor.default\">\n\t\t\t\t\t\t\t\t\t<p>In einer Welt, die sich manchmal \u00fcberw\u00e4ltigend anf\u00fchlt, vergisst man leicht die unglaubliche Kraft, die in uns steckt. Ich habe einen \u00e4hnlichen Weg wie Sie zur\u00fcckgelegt und gesundheitliche Herausforderungen gemeistert, die mich zu dem gemacht haben, was ich heute bin.<\/p>\t\t\t\t\t\t\t\t<\/div>\n\t\t\t\t\t<\/div>\n\t\t\t\t<\/div>\n\t\t<div class=\"elementor-element elementor-element-9bf2966 e-flex e-con-boxed e-con e-parent\" data-id=\"9bf2966\" data-element_type=\"container\" data-e-type=\"container\" data-settings=\"{&quot;background_background&quot;:&quot;classic&quot;}\">\n\t\t\t\t\t<div class=\"e-con-inner\">\n\t\t<div class=\"elementor-element elementor-element-18805f9 e-flex e-con-boxed e-con e-child\" data-id=\"18805f9\" data-element_type=\"container\" data-e-type=\"container\">\n\t\t\t\t\t<div class=\"e-con-inner\">\n\t\t\t\t<div class=\"elementor-element elementor-element-89855d6 elementor-hidden-mobile elementor-widget elementor-widget-image\" data-id=\"89855d6\" data-element_type=\"widget\" data-e-type=\"widget\" data-widget_type=\"image.default\">\n\t\t\t\t\t\t\t\t\t\t\t\t\t\t\t<img loading=\"lazy\" decoding=\"async\" width=\"768\" height=\"1152\" src=\"https:\/\/meltemevmez.com\/wp-content\/uploads\/2023\/03\/IMG_6536-768x1152.avif\" class=\"attachment-medium_large size-medium_large wp-image-99\" alt=\"\" srcset=\"https:\/\/meltemevmez.com\/wp-content\/uploads\/2023\/03\/IMG_6536-768x1152.avif 768w, https:\/\/meltemevmez.com\/wp-content\/uploads\/2023\/03\/IMG_6536-200x300.avif 200w, https:\/\/meltemevmez.com\/wp-content\/uploads\/2023\/03\/IMG_6536-683x1024.avif 683w, https:\/\/meltemevmez.com\/wp-content\/uploads\/2023\/03\/IMG_6536-1024x1536.avif 1024w, https:\/\/meltemevmez.com\/wp-content\/uploads\/2023\/03\/IMG_6536-scaled.avif 1365w, https:\/\/meltemevmez.com\/wp-content\/uploads\/2023\/03\/IMG_6536-8x12.avif 8w\" sizes=\"auto, (max-width: 768px) 100vw, 768px\" \/>\t\t\t\t\t\t\t\t\t\t\t\t\t\t\t<\/div>\n\t\t\t\t<div class=\"elementor-element elementor-element-436c76a elementor-hidden-desktop elementor-hidden-tablet elementor-widget elementor-widget-image\" data-id=\"436c76a\" data-element_type=\"widget\" data-e-type=\"widget\" data-widget_type=\"image.default\">\n\t\t\t\t\t\t\t\t\t\t\t\t\t\t\t<img loading=\"lazy\" decoding=\"async\" width=\"768\" height=\"432\" src=\"https:\/\/meltemevmez.com\/wp-content\/uploads\/2023\/08\/IMG_6401-768x432.avif\" class=\"attachment-medium_large size-medium_large wp-image-112\" alt=\"\" srcset=\"https:\/\/meltemevmez.com\/wp-content\/uploads\/2023\/08\/IMG_6401-768x432.avif 768w, https:\/\/meltemevmez.com\/wp-content\/uploads\/2023\/08\/IMG_6401-300x169.avif 300w, https:\/\/meltemevmez.com\/wp-content\/uploads\/2023\/08\/IMG_6401-1024x576.avif 1024w, https:\/\/meltemevmez.com\/wp-content\/uploads\/2023\/08\/IMG_6401-1536x864.avif 1536w, https:\/\/meltemevmez.com\/wp-content\/uploads\/2023\/08\/IMG_6401-scaled.avif 2048w, https:\/\/meltemevmez.com\/wp-content\/uploads\/2023\/08\/IMG_6401-18x10.avif 18w\" sizes=\"auto, (max-width: 768px) 100vw, 768px\" \/>\t\t\t\t\t\t\t\t\t\t\t\t\t\t\t<\/div>\n\t\t\t\t\t<\/div>\n\t\t\t\t<\/div>\n\t\t<div class=\"elementor-element elementor-element-4723a76 e-transform e-flex e-con-boxed e-con e-child\" data-id=\"4723a76\" data-element_type=\"container\" data-e-type=\"container\" data-settings=\"{&quot;background_background&quot;:&quot;classic&quot;,&quot;_transform_translateX_effect&quot;:{&quot;unit&quot;:&quot;px&quot;,&quot;size&quot;:-171,&quot;sizes&quot;:[]},&quot;_transform_translateX_effect_tablet&quot;:{&quot;unit&quot;:&quot;px&quot;,&quot;size&quot;:0,&quot;sizes&quot;:[]},&quot;_transform_translateX_effect_mobile&quot;:{&quot;unit&quot;:&quot;px&quot;,&quot;size&quot;:&quot;&quot;,&quot;sizes&quot;:[]},&quot;_transform_translateY_effect&quot;:{&quot;unit&quot;:&quot;px&quot;,&quot;size&quot;:&quot;&quot;,&quot;sizes&quot;:[]},&quot;_transform_translateY_effect_tablet&quot;:{&quot;unit&quot;:&quot;px&quot;,&quot;size&quot;:&quot;&quot;,&quot;sizes&quot;:[]},&quot;_transform_translateY_effect_mobile&quot;:{&quot;unit&quot;:&quot;px&quot;,&quot;size&quot;:&quot;&quot;,&quot;sizes&quot;:[]}}\">\n\t\t\t\t\t<div class=\"e-con-inner\">\n\t\t\t\t<div class=\"elementor-element elementor-element-c254731 elementor-widget elementor-widget-heading\" data-id=\"c254731\" data-element_type=\"widget\" data-e-type=\"widget\" data-widget_type=\"heading.default\">\n\t\t\t\t\t<h2 class=\"elementor-heading-title elementor-size-default\">Ich bin Meltem, ein engagierter zertifizierter Gesundheitscoach.<\/h2>\t\t\t\t<\/div>\n\t\t\t\t<div class=\"elementor-element elementor-element-6ccdcc4 elementor-widget elementor-widget-text-editor\" data-id=\"6ccdcc4\" data-element_type=\"widget\" data-e-type=\"widget\" data-widget_type=\"text-editor.default\">\n\t\t\t\t\t\t\t\t\t<div data-pm-slice=\"1 1 []\" data-en-clipboard=\"true\">Ich bin hier, um Sie auf einer Reise der tiefgreifenden Transformation und Erm\u00e4chtigung zu begleiten. Wenn Sie an der Schwelle zur Ver\u00e4nderung stehen, sollten Sie wissen, dass Sie nicht allein sind - ich bin hier, um Sie bei jedem Schritt auf dem Weg zu begleiten.<\/div>\t\t\t\t\t\t\t\t<\/div>\n\t\t\t\t<div class=\"elementor-element elementor-element-849e9e5 elementor-widget elementor-widget-button\" data-id=\"849e9e5\" data-element_type=\"widget\" data-e-type=\"widget\" data-widget_type=\"button.default\">\n\t\t\t\t\t\t\t\t\t\t<a class=\"elementor-button elementor-button-link elementor-size-sm\" href=\"https:\/\/meltemevmez.com\/de\/about-me\/\">\n\t\t\t\t\t\t<span class=\"elementor-button-content-wrapper\">\n\t\t\t\t\t\t<span class=\"elementor-button-icon\">\n\t\t\t\t<svg aria-hidden=\"true\" class=\"e-font-icon-svg e-fas-chevron-right\" viewbox=\"0 0 320 512\" xmlns=\"http:\/\/www.w3.org\/2000\/svg\"><path d=\"M285.476 272.971L91.132 467.314c-9.373 9.373-24.569 9.373-33.941 0l-22.667-22.667c-9.357-9.357-9.375-24.522-.04-33.901L188.505 256 34.484 101.255c-9.335-9.379-9.317-24.544.04-33.901l22.667-22.667c9.373-9.373 24.569-9.373 33.941 0L285.475 239.03c9.373 9.372 9.373 24.568.001 33.941z\"><\/path><\/svg>\t\t\t<\/span>\n\t\t\t\t\t\t\t\t\t<span class=\"elementor-button-text\">Mehr<\/span>\n\t\t\t\t\t<\/span>\n\t\t\t\t\t<\/a>\n\t\t\t\t\t\t\t\t<\/div>\n\t\t\t\t\t<\/div>\n\t\t\t\t<\/div>\n\t\t\t\t\t<\/div>\n\t\t\t\t<\/div>\n\t\t<div class=\"elementor-element elementor-element-897a0e6 e-flex e-con-boxed e-con e-parent\" data-id=\"897a0e6\" data-element_type=\"container\" data-e-type=\"container\">\n\t\t\t\t\t<div class=\"e-con-inner\">\n\t\t\t\t<div class=\"elementor-element elementor-element-6142939 elementor-widget elementor-widget-heading\" data-id=\"6142939\" data-element_type=\"widget\" data-e-type=\"widget\" data-widget_type=\"heading.default\">\n\t\t\t\t\t<h2 class=\"elementor-heading-title elementor-size-default\">Testimonials<\/h2>\t\t\t\t<\/div>\n\t\t<div class=\"elementor-element elementor-element-c30dd62 e-grid e-con-boxed e-con e-child\" data-id=\"c30dd62\" data-element_type=\"container\" data-e-type=\"container\" data-settings=\"{&quot;background_background&quot;:&quot;classic&quot;}\">\n\t\t\t\t\t<div class=\"e-con-inner\">\n\t\t<div class=\"elementor-element elementor-element-d2d3d34 e-flex e-con-boxed e-con e-child\" data-id=\"d2d3d34\" data-element_type=\"container\" data-e-type=\"container\" data-settings=\"{&quot;background_background&quot;:&quot;classic&quot;}\">\n\t\t\t\t\t<div class=\"e-con-inner\">\n\t\t\t\t<div class=\"elementor-element elementor-element-c49e1f2 elementor--star-style-star_unicode elementor-widget elementor-widget-star-rating\" data-id=\"c49e1f2\" data-element_type=\"widget\" data-e-type=\"widget\" data-widget_type=\"star-rating.default\">\n\t\t\t\t\t\t\t<div class=\"elementor-star-rating__wrapper\">\n\t\t\t\t\t\t<div class=\"elementor-star-rating\" itemtype=\"http:\/\/schema.org\/Rating\" itemscope=\"\" itemprop=\"reviewRating\">\n\t\t\t\t<i class=\"elementor-star-full\" aria-hidden=\"true\">&#9733;<\/i><i class=\"elementor-star-full\" aria-hidden=\"true\">&#9733;<\/i><i class=\"elementor-star-full\" aria-hidden=\"true\">&#9733;<\/i><i class=\"elementor-star-full\" aria-hidden=\"true\">&#9733;<\/i><i class=\"elementor-star-full\" aria-hidden=\"true\">&#9733;<\/i>\t\t\t\t<span itemprop=\"ratingValue\" class=\"elementor-screen-only\">Bewertet mit 5 von 5<\/span>\n\t\t\t<\/div>\n\t\t<\/div>\n\t\t\t\t\t\t<\/div>\n\t\t\t\t<div class=\"elementor-element elementor-element-b5fb333 elementor-widget elementor-widget-text-editor\" data-id=\"b5fb333\" data-element_type=\"widget\" data-e-type=\"widget\" data-widget_type=\"text-editor.default\">\n\t\t\t\t\t\t\t\t\t<p>Ich hatte vier Jahre lang Medical Medium praktiziert, aber erst in einer Coaching-Sitzung mit Meltem konnte ich herausfinden, welche Werkzeuge und Ans\u00e4tze ich anwenden sollte, um meine Symptome zu heilen und die besten Ergebnisse zu erzielen. Ihre kontinuierliche Unterst\u00fctzung und Beratung sind von unsch\u00e4tzbarem Wert. Sie hat mir nicht nur geholfen, meine Darm- und Schlafprobleme, meine Nebennierenschw\u00e4che und meine hohe Viruslast deutlich zu verbessern, sondern sie gab mir auch entscheidende Ratschl\u00e4ge, wie ich mich nach einem Burnout orientieren kann. Was immer sie vorschlug, wirkte immer sofort. Sie ist eine sehr einf\u00fchlsame und freundliche Beraterin, die mir viel Hoffnung gegeben hat. Die Kontaktaufnahme mit ihr war die wichtigste Entscheidung, die ich in Bezug auf meine Gesundheit getroffen habe. Sie hat auch meine Schwester in vielen Gesundheits- und Lebensstilfragen beraten, und ich bin ihr f\u00fcr immer dankbar f\u00fcr die Informationen und die Heilung, die sie in unser Leben gebracht hat.<\/p>\t\t\t\t\t\t\t\t<\/div>\n\t\t<div class=\"elementor-element elementor-element-b302e4e e-flex e-con-boxed e-con e-child\" data-id=\"b302e4e\" data-element_type=\"container\" data-e-type=\"container\">\n\t\t\t\t\t<div class=\"e-con-inner\">\n\t\t\t\t<div class=\"elementor-element elementor-element-5ab376b elementor-widget elementor-widget-image\" data-id=\"5ab376b\" data-element_type=\"widget\" data-e-type=\"widget\" data-widget_type=\"image.default\">\n\t\t\t\t\t\t\t\t\t\t\t\t\t\t\t<img loading=\"lazy\" decoding=\"async\" width=\"150\" height=\"150\" src=\"https:\/\/meltemevmez.com\/wp-content\/uploads\/2023\/03\/Lotus-Favicon-150x150.avif\" class=\"attachment-thumbnail size-thumbnail wp-image-142\" alt=\"\" srcset=\"https:\/\/meltemevmez.com\/wp-content\/uploads\/2023\/03\/Lotus-Favicon-150x150.avif 150w, https:\/\/meltemevmez.com\/wp-content\/uploads\/2023\/03\/Lotus-Favicon-300x300.avif 300w, https:\/\/meltemevmez.com\/wp-content\/uploads\/2023\/03\/Lotus-Favicon-12x12.png 12w, https:\/\/meltemevmez.com\/wp-content\/uploads\/2023\/03\/Lotus-Favicon.avif 512w\" sizes=\"auto, (max-width: 150px) 100vw, 150px\" \/>\t\t\t\t\t\t\t\t\t\t\t\t\t\t\t<\/div>\n\t\t\t\t<div class=\"elementor-element elementor-element-914f2c3 elementor-widget elementor-widget-text-editor\" data-id=\"914f2c3\" data-element_type=\"widget\" data-e-type=\"widget\" data-widget_type=\"text-editor.default\">\n\t\t\t\t\t\t\t\t\t<p><strong>Izabela Rakar<\/strong><br \/>Lehrerin<\/p>\t\t\t\t\t\t\t\t<\/div>\n\t\t\t\t\t<\/div>\n\t\t\t\t<\/div>\n\t\t\t\t\t<\/div>\n\t\t\t\t<\/div>\n\t\t<div class=\"elementor-element elementor-element-fc82d2a e-flex e-con-boxed e-con e-child\" data-id=\"fc82d2a\" data-element_type=\"container\" data-e-type=\"container\" data-settings=\"{&quot;background_background&quot;:&quot;classic&quot;}\">\n\t\t\t\t\t<div class=\"e-con-inner\">\n\t\t\t\t<div class=\"elementor-element elementor-element-d9f9075 elementor--star-style-star_unicode elementor-widget elementor-widget-star-rating\" data-id=\"d9f9075\" data-element_type=\"widget\" data-e-type=\"widget\" data-widget_type=\"star-rating.default\">\n\t\t\t\t\t\t\t<div class=\"elementor-star-rating__wrapper\">\n\t\t\t\t\t\t<div class=\"elementor-star-rating\" itemtype=\"http:\/\/schema.org\/Rating\" itemscope=\"\" itemprop=\"reviewRating\">\n\t\t\t\t<i class=\"elementor-star-full\" aria-hidden=\"true\">&#9733;<\/i><i class=\"elementor-star-full\" aria-hidden=\"true\">&#9733;<\/i><i class=\"elementor-star-full\" aria-hidden=\"true\">&#9733;<\/i><i class=\"elementor-star-full\" aria-hidden=\"true\">&#9733;<\/i><i class=\"elementor-star-full\" aria-hidden=\"true\">&#9733;<\/i>\t\t\t\t<span itemprop=\"ratingValue\" class=\"elementor-screen-only\">Bewertet mit 5 von 5<\/span>\n\t\t\t<\/div>\n\t\t<\/div>\n\t\t\t\t\t\t<\/div>\n\t\t\t\t<div class=\"elementor-element elementor-element-0c873e5 elementor-widget elementor-widget-text-editor\" data-id=\"0c873e5\" data-element_type=\"widget\" data-e-type=\"widget\" data-widget_type=\"text-editor.default\">\n\t\t\t\t\t\t\t\t\t<p>Meltem ist in meinen Augen einer der gr\u00f6\u00dften Health Coaches nach Anthony William - Medical Medium im deutschsprachigen Raum. Sie hat ein profundes und detailliertes Wissen, nicht nur \u00fcber die Ern\u00e4hrungsformen oder die Heilkr\u00e4fte der einzelnen Lebensmittel, sondern auch \u00fcber all jene Nahrungserg\u00e4nzungsmittel (Supplemente) und deren Anwendungsgebiete, die in den B\u00fcchern von A.W. so zahlreich empfohlen werden. Sie hat einen enormen \u00dcberblick \u00fcber die vielen verschiedenen Krankheiten - das kann ich wirklich beurteilen, denn ich trage einige davon mit mir herum. Aber es ist nicht nur das Wissen, das mich dazu bringt, ihren Empfehlungen zu vertrauen und gerne mit ihr zu arbeiten. Es ist auch ihre einf\u00fchlsame, nicht wertende und intuitive Art, die es mir leicht (und) vollst\u00e4ndig macht. Ich bin sehr froh, sie an meiner Seite zu haben.<\/p>\t\t\t\t\t\t\t\t<\/div>\n\t\t<div class=\"elementor-element elementor-element-9c532e9 e-flex e-con-boxed e-con e-child\" data-id=\"9c532e9\" data-element_type=\"container\" data-e-type=\"container\">\n\t\t\t\t\t<div class=\"e-con-inner\">\n\t\t\t\t<div class=\"elementor-element elementor-element-ab7a5a7 elementor-widget elementor-widget-image\" data-id=\"ab7a5a7\" data-element_type=\"widget\" data-e-type=\"widget\" data-widget_type=\"image.default\">\n\t\t\t\t\t\t\t\t\t\t\t\t\t\t\t<img loading=\"lazy\" decoding=\"async\" width=\"150\" height=\"150\" src=\"https:\/\/meltemevmez.com\/wp-content\/uploads\/2023\/03\/Lotus-Favicon-150x150.avif\" class=\"attachment-thumbnail size-thumbnail wp-image-142\" alt=\"\" srcset=\"https:\/\/meltemevmez.com\/wp-content\/uploads\/2023\/03\/Lotus-Favicon-150x150.avif 150w, https:\/\/meltemevmez.com\/wp-content\/uploads\/2023\/03\/Lotus-Favicon-300x300.avif 300w, https:\/\/meltemevmez.com\/wp-content\/uploads\/2023\/03\/Lotus-Favicon-12x12.png 12w, https:\/\/meltemevmez.com\/wp-content\/uploads\/2023\/03\/Lotus-Favicon.avif 512w\" sizes=\"auto, (max-width: 150px) 100vw, 150px\" \/>\t\t\t\t\t\t\t\t\t\t\t\t\t\t\t<\/div>\n\t\t\t\t<div class=\"elementor-element elementor-element-be38cd1 elementor-widget elementor-widget-text-editor\" data-id=\"be38cd1\" data-element_type=\"widget\" data-e-type=\"widget\" data-widget_type=\"text-editor.default\">\n\t\t\t\t\t\t\t\t\t<p><strong>Verena B.<\/strong><br \/>Tanztherapeutin<\/p>\t\t\t\t\t\t\t\t<\/div>\n\t\t\t\t\t<\/div>\n\t\t\t\t<\/div>\n\t\t\t\t\t<\/div>\n\t\t\t\t<\/div>\n\t\t<div class=\"elementor-element elementor-element-08e3460 e-flex e-con-boxed e-con e-child\" data-id=\"08e3460\" data-element_type=\"container\" data-e-type=\"container\" data-settings=\"{&quot;background_background&quot;:&quot;classic&quot;}\">\n\t\t\t\t\t<div class=\"e-con-inner\">\n\t\t\t\t<div class=\"elementor-element elementor-element-c0d3fa6 elementor--star-style-star_unicode elementor-widget elementor-widget-star-rating\" data-id=\"c0d3fa6\" data-element_type=\"widget\" data-e-type=\"widget\" data-widget_type=\"star-rating.default\">\n\t\t\t\t\t\t\t<div class=\"elementor-star-rating__wrapper\">\n\t\t\t\t\t\t<div class=\"elementor-star-rating\" itemtype=\"http:\/\/schema.org\/Rating\" itemscope=\"\" itemprop=\"reviewRating\">\n\t\t\t\t<i class=\"elementor-star-full\" aria-hidden=\"true\">&#9733;<\/i><i class=\"elementor-star-full\" aria-hidden=\"true\">&#9733;<\/i><i class=\"elementor-star-full\" aria-hidden=\"true\">&#9733;<\/i><i class=\"elementor-star-full\" aria-hidden=\"true\">&#9733;<\/i><i class=\"elementor-star-full\" aria-hidden=\"true\">&#9733;<\/i>\t\t\t\t<span itemprop=\"ratingValue\" class=\"elementor-screen-only\">Bewertet mit 5 von 5<\/span>\n\t\t\t<\/div>\n\t\t<\/div>\n\t\t\t\t\t\t<\/div>\n\t\t\t\t<div class=\"elementor-element elementor-element-de719a2 elementor-widget elementor-widget-text-editor\" data-id=\"de719a2\" data-element_type=\"widget\" data-e-type=\"widget\" data-widget_type=\"text-editor.default\">\n\t\t\t\t\t\t\t\t\t<p>Ich habe Meltem zum ersten Mal w\u00e4hrend Muneezas Soar Higher-Programm kennengelernt und arbeite seither mit ihr zusammen.<\/p>\n<p>Ich habe das Gef\u00fchl, dass sie das Studium von Medical Medium info ernst genommen hat und mitf\u00fchlend, traumasensibel und professionell ist. Das hat mir geholfen, mich bei ihr sicher zu f\u00fchlen, w\u00e4hrend ich von PTSD und chronischen neurologischen Problemen geheilt werde.<\/p>\n<p>Ich bevorzuge die Zusammenarbeit mit Beratern, wenn ich ein Budget habe, weil ich die 1:1-Unterst\u00fctzung f\u00fcr unsch\u00e4tzbar halte. Wenn Sie nach einem zus\u00e4tzlichen Protokoll und emotionaler Unterst\u00fctzung suchen, ist Meltem eine erstklassige Beraterin, die ich sehr empfehlen kann.&nbsp;<\/p>\t\t\t\t\t\t\t\t<\/div>\n\t\t<div class=\"elementor-element elementor-element-79185ac e-flex e-con-boxed e-con e-child\" data-id=\"79185ac\" data-element_type=\"container\" data-e-type=\"container\">\n\t\t\t\t\t<div class=\"e-con-inner\">\n\t\t<div class=\"elementor-element elementor-element-ac2733a e-flex e-con-boxed e-con e-child\" data-id=\"ac2733a\" data-element_type=\"container\" data-e-type=\"container\">\n\t\t\t\t\t<div class=\"e-con-inner\">\n\t\t\t\t<div class=\"elementor-element elementor-element-34cc5a8 elementor-widget elementor-widget-image\" data-id=\"34cc5a8\" data-element_type=\"widget\" data-e-type=\"widget\" data-widget_type=\"image.default\">\n\t\t\t\t\t\t\t\t\t\t\t\t\t\t\t<img loading=\"lazy\" decoding=\"async\" width=\"150\" height=\"150\" src=\"https:\/\/meltemevmez.com\/wp-content\/uploads\/2023\/11\/IMG_2229-150x150.avif\" class=\"attachment-thumbnail size-thumbnail wp-image-641\" alt=\"\" srcset=\"https:\/\/meltemevmez.com\/wp-content\/uploads\/2023\/11\/IMG_2229-150x150.avif 150w, https:\/\/meltemevmez.com\/wp-content\/uploads\/2023\/11\/IMG_2229-12x12.avif 12w\" sizes=\"auto, (max-width: 150px) 100vw, 150px\" \/>\t\t\t\t\t\t\t\t\t\t\t\t\t\t\t<\/div>\n\t\t\t\t<div class=\"elementor-element elementor-element-6541f3f elementor-widget elementor-widget-text-editor\" data-id=\"6541f3f\" data-element_type=\"widget\" data-e-type=\"widget\" data-widget_type=\"text-editor.default\">\n\t\t\t\t\t\t\t\t\t<p><strong>Hannah Hudson<\/strong><br \/>Software-Ingenieur<\/p>\t\t\t\t\t\t\t\t<\/div>\n\t\t\t\t\t<\/div>\n\t\t\t\t<\/div>\n\t\t\t\t\t<\/div>\n\t\t\t\t<\/div>\n\t\t\t\t\t<\/div>\n\t\t\t\t<\/div>\n\t\t\t\t\t<\/div>\n\t\t\t\t<\/div>\n\t\t\t\t\t<\/div>\n\t\t\t\t<\/div>\n\t\t\t\t<\/div>","protected":false},"excerpt":{"rendered":"<p>Transforming Health Holistically: Medical Medium, Mindfulness &#038; Movement. Discover Personal Health Solutions Tailored to Your Unique Journey. I&#8217;m ready In a world that sometimes feels overwhelming, it&#8217;s easy to forget the incredible power that resides within us. I&#8217;ve been on a journey much like yours, navigating health challenges that shaped me into who I am [&hellip;]<\/p>\n","protected":false},"author":1,"featured_media":0,"parent":0,"menu_order":0,"comment_status":"closed","ping_status":"closed","template":"","meta":{"footnotes":""},"class_list":["post-15","page","type-page","status-publish","hentry"],"_links":{"self":[{"href":"https:\/\/meltemevmez.com\/de\/wp-json\/wp\/v2\/pages\/15","targetHints":{"allow":["GET"]}}],"collection":[{"href":"https:\/\/meltemevmez.com\/de\/wp-json\/wp\/v2\/pages"}],"about":[{"href":"https:\/\/meltemevmez.com\/de\/wp-json\/wp\/v2\/types\/page"}],"author":[{"embeddable":true,"href":"https:\/\/meltemevmez.com\/de\/wp-json\/wp\/v2\/users\/1"}],"replies":[{"embeddable":true,"href":"https:\/\/meltemevmez.com\/de\/wp-json\/wp\/v2\/comments?post=15"}],"version-history":[{"count":10,"href":"https:\/\/meltemevmez.com\/de\/wp-json\/wp\/v2\/pages\/15\/revisions"}],"predecessor-version":[{"id":644,"href":"https:\/\/meltemevmez.com\/de\/wp-json\/wp\/v2\/pages\/15\/revisions\/644"}],"wp:attachment":[{"href":"https:\/\/meltemevmez.com\/de\/wp-json\/wp\/v2\/media?parent=15"}],"curies":[{"name":"wp","href":"https:\/\/api.w.org\/{rel}","templated":true}]}}