{"id":3,"date":"2023-03-31T17:24:36","date_gmt":"2023-03-31T15:24:36","guid":{"rendered":"https:\/\/meltemevmez.com\/?page_id=3"},"modified":"2023-10-14T13:11:57","modified_gmt":"2023-10-14T11:11:57","slug":"privacy-policy","status":"publish","type":"page","link":"https:\/\/meltemevmez.com\/de\/privacy-policy\/","title":{"rendered":"Datenschutzbestimmungen"},"content":{"rendered":"<div data-elementor-type=\"wp-page\" data-elementor-id=\"3\" class=\"elementor elementor-3\" data-elementor-post-type=\"page\">\n\t\t\t\t<div class=\"elementor-element elementor-element-5e123fd e-flex e-con-boxed e-con e-parent\" data-id=\"5e123fd\" data-element_type=\"container\" data-e-type=\"container\" data-settings=\"{&quot;background_background&quot;:&quot;classic&quot;}\">\n\t\t\t\t\t<div class=\"e-con-inner\">\n\t\t<div class=\"elementor-element elementor-element-b1ec8a1 e-flex e-con-boxed e-con e-child\" data-id=\"b1ec8a1\" data-element_type=\"container\" data-e-type=\"container\" data-settings=\"{&quot;background_background&quot;:&quot;classic&quot;}\">\n\t\t\t\t\t<div class=\"e-con-inner\">\n\t\t\t\t<div class=\"elementor-element elementor-element-112db7f elementor-widget elementor-widget-heading\" data-id=\"112db7f\" data-element_type=\"widget\" data-e-type=\"widget\" data-widget_type=\"heading.default\">\n\t\t\t\t\t<h2 class=\"elementor-heading-title elementor-size-default\">Datenschutzbestimmungen<\/h2>\t\t\t\t<\/div>\n\t\t\t\t<div class=\"elementor-element elementor-element-7e67edb elementor-widget elementor-widget-text-editor\" data-id=\"7e67edb\" data-element_type=\"widget\" data-e-type=\"widget\" data-widget_type=\"text-editor.default\">\n\t\t\t\t\t\t\t\t\t<p>Status: September 20, 2023.<\/p><p>Diese Datenschutzerkl\u00e4rung kl\u00e4rt Sie \u00fcber die Art, den Umfang und Zweck der Verarbeitung von personenbezogenen Daten (nachfolgend kurz \"Daten\") im Rahmen der Nutzung unserer Website und der mit ihr verbundenen Funktionen und Inhalte (nachfolgend \"Website\") auf.<\/p><p><strong>1. Verantwortliche Partei<\/strong><br \/>Die verantwortliche Stelle im Sinne der Datenschutzgesetze ist:<\/p><p>Meltem Evmez<br \/>Bruckstr. 33<br \/>70734 Fellbach<br \/>info@risewithmeltem.com<br \/>Tel.: 0176\/71647296<\/p><p><strong>2. Arten von verarbeiteten Daten<\/strong><br \/>Nutzungsdaten: Wenn Sie unsere Website besuchen, werden bestimmte Informationen automatisch von Ihrem Endger\u00e4t erfasst, darunter Ihre IP-Adresse, der Browsertyp, die besuchten Seiten, das Datum und die Uhrzeit Ihres Besuchs und \u00e4hnliche Daten.<\/p><p>Kontaktinformationen: Wenn Sie uns \u00fcber das Kontaktformular oder per E-Mail kontaktieren, speichern wir die von Ihnen angegebenen Informationen, einschlie\u00dflich Ihres Namens, Ihrer E-Mail-Adresse und Ihrer Nachricht.<\/p><p><strong>3. Zweck der Verarbeitung<\/strong><br \/>Wir verarbeiten Ihre Daten f\u00fcr die folgenden Zwecke:<\/p><p>Bereitstellung der Website: Um Ihnen den Zugang und die Nutzung unserer Website zu erm\u00f6glichen.<\/p><p>Kommunikation: zur Beantwortung Ihrer Anfragen und Mitteilungen.<\/p><p><strong>4. Rechtsgrundlage f\u00fcr die Verarbeitung<\/strong><br \/>Ihre Daten werden auf der Grundlage einer der folgenden Rechtsgrundlagen verarbeitet:<\/p><p>Einverst\u00e4ndnis: Wenn Sie uns Ihre ausdr\u00fcckliche Zustimmung zur Verarbeitung Ihrer Daten gegeben haben.<\/p><p>Erf\u00fcllung eines Vertrags: Wenn die Verarbeitung f\u00fcr die Erf\u00fcllung eines Vertrags, dessen Vertragspartei Sie sind, oder f\u00fcr die Durchf\u00fchrung vorvertraglicher Ma\u00dfnahmen auf Ihren Wunsch hin erforderlich ist.<\/p><p>Gesetzliche Verpflichtung: wenn die Verarbeitung zur Erf\u00fcllung einer gesetzlichen Verpflichtung, der wir unterliegen, erforderlich ist.<\/p><p><strong>5. Offenlegung von Daten<\/strong><br \/>Wir werden Ihre Daten nur dann an Dritte weitergeben, wenn dies gesetzlich vorgeschrieben ist oder Sie vorher Ihre Zustimmung gegeben haben.<\/p><p><strong>6. Deine Rechte<\/strong><br \/>Information: Sie haben das Recht, Informationen \u00fcber die von uns verarbeiteten Daten und den Zweck der Verarbeitung zu erhalten.<\/p><p>Berichtigung: Sie haben das Recht, unrichtige oder unvollst\u00e4ndige Daten berichtigen zu lassen.<\/p><p>L\u00f6schung: Sie haben das Recht, unter bestimmten Umst\u00e4nden die L\u00f6schung Ihrer Daten zu verlangen.<\/p><p>Einschr\u00e4nkung der Verarbeitung: Sie haben unter bestimmten Umst\u00e4nden das Recht, die Einschr\u00e4nkung der Verarbeitung Ihrer Daten zu verlangen.<\/p><p>Daten\u00fcbertragbarkeit: Sie haben das Recht, Ihre Daten in einem strukturierten, g\u00e4ngigen und maschinenlesbaren Format zu erhalten und sie an einen anderen f\u00fcr die Verarbeitung Verantwortlichen zu \u00fcbermitteln.<\/p><p>R\u00fccknahme der Einwilligung: Wenn die Verarbeitung auf Ihrer Einwilligung beruht, k\u00f6nnen Sie diese Einwilligung jederzeit widerrufen.<\/p><p>Beanstandung: Sie haben das Recht, sich bei der zust\u00e4ndigen Datenschutzbeh\u00f6rde zu beschweren.<\/p><p><strong>7. Datensicherheit<\/strong><br \/>Wir treffen angemessene technische und organisatorische Sicherheitsma\u00dfnahmen, um Ihre Daten vor Verlust, Missbrauch und unberechtigtem Zugriff zu sch\u00fctzen.<\/p><p><strong>8. \u00c4nderungen an diesen Daten<\/strong> <strong>Schutzerkl\u00e4rung<\/strong><br \/>Wir behalten uns das Recht vor, diese Datenschutzrichtlinie bei Bedarf zu aktualisieren. Die aktuelle Version finden Sie auf unserer Website.<\/p>\t\t\t\t\t\t\t\t<\/div>\n\t\t\t\t\t<\/div>\n\t\t\t\t<\/div>\n\t\t\t\t\t<\/div>\n\t\t\t\t<\/div>\n\t\t\t\t<\/div>","protected":false},"excerpt":{"rendered":"<p>Status: September 20, 2023. This privacy policy informs you about the nature, scope and purpose of the processing of personal data (hereinafter &#8220;data&#8221;) within the scope of our website and the functions and content associated with it (hereinafter &#8220;website&#8221;). 1. Responsible PartyThe responsible party within the meaning of the data protection laws is: Meltem EvmezBruckstr. [&hellip;]<\/p>\n","protected":false},"author":1,"featured_media":0,"parent":0,"menu_order":0,"comment_status":"closed","ping_status":"closed","template":"","meta":{"footnotes":""},"class_list":["post-3","page","type-page","status-publish","hentry"],"_links":{"self":[{"href":"https:\/\/meltemevmez.com\/de\/wp-json\/wp\/v2\/pages\/3","targetHints":{"allow":["GET"]}}],"collection":[{"href":"https:\/\/meltemevmez.com\/de\/wp-json\/wp\/v2\/pages"}],"about":[{"href":"https:\/\/meltemevmez.com\/de\/wp-json\/wp\/v2\/types\/page"}],"author":[{"embeddable":true,"href":"https:\/\/meltemevmez.com\/de\/wp-json\/wp\/v2\/users\/1"}],"replies":[{"embeddable":true,"href":"https:\/\/meltemevmez.com\/de\/wp-json\/wp\/v2\/comments?post=3"}],"version-history":[{"count":10,"href":"https:\/\/meltemevmez.com\/de\/wp-json\/wp\/v2\/pages\/3\/revisions"}],"predecessor-version":[{"id":541,"href":"https:\/\/meltemevmez.com\/de\/wp-json\/wp\/v2\/pages\/3\/revisions\/541"}],"wp:attachment":[{"href":"https:\/\/meltemevmez.com\/de\/wp-json\/wp\/v2\/media?parent=3"}],"curies":[{"name":"wp","href":"https:\/\/api.w.org\/{rel}","templated":true}]}}