{"id":359,"date":"2023-10-04T17:45:20","date_gmt":"2023-10-04T15:45:20","guid":{"rendered":"https:\/\/meltemevmez.com\/?page_id=359"},"modified":"2023-10-04T17:59:52","modified_gmt":"2023-10-04T15:59:52","slug":"blog","status":"publish","type":"page","link":"https:\/\/meltemevmez.com\/de\/blog\/","title":{"rendered":"Blog"},"content":{"rendered":"<div data-elementor-type=\"wp-page\" data-elementor-id=\"359\" class=\"elementor elementor-359\" data-elementor-post-type=\"page\">\n\t\t\t\t<div class=\"elementor-element elementor-element-b8a129b e-flex e-con-boxed e-con e-parent\" data-id=\"b8a129b\" data-element_type=\"container\" data-e-type=\"container\" data-settings=\"{&quot;background_background&quot;:&quot;classic&quot;}\">\n\t\t\t\t\t<div class=\"e-con-inner\">\n\t\t\t\t<div class=\"elementor-element elementor-element-74d4a1f elementor-widget elementor-widget-heading\" data-id=\"74d4a1f\" data-element_type=\"widget\" data-e-type=\"widget\" data-widget_type=\"heading.default\">\n\t\t\t\t\t<h2 class=\"elementor-heading-title elementor-size-default\">Blog<\/h2>\t\t\t\t<\/div>\n\t\t\t\t<div class=\"elementor-element elementor-element-2d9f69c elementor-widget elementor-widget-text-editor\" data-id=\"2d9f69c\" data-element_type=\"widget\" data-e-type=\"widget\" data-widget_type=\"text-editor.default\">\n\t\t\t\t\t\t\t\t\t<p>Haben Sie eine Frage, einen besonderen Wunsch oder m\u00f6chten Sie einfach nur Hallo sagen? Ich w\u00fcrde mich freuen, von Ihnen zu h\u00f6ren! Schicken Sie mir einfach eine Nachricht mit dem unten stehenden Formular. Ich werde mich so schnell wie m\u00f6glich bei Ihnen melden.<\/p>\t\t\t\t\t\t\t\t<\/div>\n\t\t\t\t\t<\/div>\n\t\t\t\t<\/div>\n\t\t<div class=\"elementor-element elementor-element-53e48a0 e-flex e-con-boxed e-con e-parent\" data-id=\"53e48a0\" data-element_type=\"container\" data-e-type=\"container\">\n\t\t\t\t\t<div class=\"e-con-inner\">\n\t\t\t\t\t<\/div>\n\t\t\t\t<\/div>\n\t\t\t\t<\/div>","protected":false},"excerpt":{"rendered":"<p>Haben Sie eine Frage, einen besonderen Wunsch oder m\u00f6chten Sie einfach nur Hallo sagen? Ich w\u00fcrde mich freuen, von Ihnen zu h\u00f6ren! Schicken Sie mir einfach eine Nachricht mit dem unten stehenden Formular. Ich werde mich so schnell wie m\u00f6glich bei Ihnen melden.<\/p>","protected":false},"author":1,"featured_media":0,"parent":0,"menu_order":0,"comment_status":"closed","ping_status":"closed","template":"","meta":{"footnotes":""},"class_list":["post-359","page","type-page","status-publish","hentry"],"_links":{"self":[{"href":"https:\/\/meltemevmez.com\/de\/wp-json\/wp\/v2\/pages\/359","targetHints":{"allow":["GET"]}}],"collection":[{"href":"https:\/\/meltemevmez.com\/de\/wp-json\/wp\/v2\/pages"}],"about":[{"href":"https:\/\/meltemevmez.com\/de\/wp-json\/wp\/v2\/types\/page"}],"author":[{"embeddable":true,"href":"https:\/\/meltemevmez.com\/de\/wp-json\/wp\/v2\/users\/1"}],"replies":[{"embeddable":true,"href":"https:\/\/meltemevmez.com\/de\/wp-json\/wp\/v2\/comments?post=359"}],"version-history":[{"count":10,"href":"https:\/\/meltemevmez.com\/de\/wp-json\/wp\/v2\/pages\/359\/revisions"}],"predecessor-version":[{"id":384,"href":"https:\/\/meltemevmez.com\/de\/wp-json\/wp\/v2\/pages\/359\/revisions\/384"}],"wp:attachment":[{"href":"https:\/\/meltemevmez.com\/de\/wp-json\/wp\/v2\/media?parent=359"}],"curies":[{"name":"wp","href":"https:\/\/api.w.org\/{rel}","templated":true}]}}